{"id":1866,"date":"2024-01-18T13:53:33","date_gmt":"2024-01-18T12:53:33","guid":{"rendered":"https:\/\/eldrapairebarcelona.com\/trabaja-con-nosotros\/"},"modified":"2024-04-29T13:54:41","modified_gmt":"2024-04-29T12:54:41","slug":"treballa-amb-nosaltres","status":"publish","type":"page","link":"https:\/\/eldrapairebarcelona.com\/ca\/treballa-amb-nosaltres\/","title":{"rendered":"Traballa amb Nosaltres"},"content":{"rendered":"\n<style type=\"text\/css\" data-created_by=\"avia_inline_auto\" id=\"style-css-av-sooll-e4c7940ddea2ccba47ff0d1a73d8e42f\">\n.avia-section.av-sooll-e4c7940ddea2ccba47ff0d1a73d8e42f{\nbackground-repeat:no-repeat;\nbackground-image:url(https:\/\/eldrapairebarcelona.com\/wp-content\/uploads\/2024\/04\/trabaja.jpg);\nbackground-position:50% 50%;\nbackground-attachment:scroll;\n}\n.avia-section.av-sooll-e4c7940ddea2ccba47ff0d1a73d8e42f .av-section-color-overlay{\nopacity:0.4;\nbackground-color:#000000;\n}\n<\/style>\n<div id='av_section_1'  class='avia-section av-sooll-e4c7940ddea2ccba47ff0d1a73d8e42f main_color avia-section-huge avia-no-border-styling  avia-builder-el-0  el_before_av_section  avia-builder-el-first  avia-full-stretch avia-bg-style-scroll av-section-color-overlay-active container_wrap fullsize'  data-section-bg-repeat='stretch'><div class=\"av-section-color-overlay-wrap\"><div class=\"av-section-color-overlay\"><\/div><div class='container av-section-cont-open' ><main  role=\"main\" itemprop=\"mainContentOfPage\"  class='template-page content  av-content-full alpha units'><div class='post-entry post-entry-type-page post-entry-1866'><div class='entry-content-wrapper clearfix'>\n\n<style type=\"text\/css\" data-created_by=\"avia_inline_auto\" id=\"style-css-av-lrj9rtox-3db2d61dc65d0f7c1a8d994feec3d16b\">\n#top .av-special-heading.av-lrj9rtox-3db2d61dc65d0f7c1a8d994feec3d16b{\npadding-bottom:0;\nfont-size:90px;\n}\nbody .av-special-heading.av-lrj9rtox-3db2d61dc65d0f7c1a8d994feec3d16b .av-special-heading-tag .heading-char{\nfont-size:25px;\n}\n#top #wrap_all .av-special-heading.av-lrj9rtox-3db2d61dc65d0f7c1a8d994feec3d16b .av-special-heading-tag{\nfont-size:90px;\n}\n.av-special-heading.av-lrj9rtox-3db2d61dc65d0f7c1a8d994feec3d16b .av-subheading{\nfont-size:15px;\n}\n\n@media only screen and (min-width: 480px) and (max-width: 767px){ \n#top #wrap_all .av-special-heading.av-lrj9rtox-3db2d61dc65d0f7c1a8d994feec3d16b .av-special-heading-tag{\nfont-size:0.8em;\n}\n}\n\n@media only screen and (max-width: 479px){ \n#top #wrap_all .av-special-heading.av-lrj9rtox-3db2d61dc65d0f7c1a8d994feec3d16b .av-special-heading-tag{\nfont-size:0.8em;\n}\n}\n<\/style>\n<div  class='av-special-heading av-lrj9rtox-3db2d61dc65d0f7c1a8d994feec3d16b av-special-heading-h3 blockquote modern-quote modern-centered  avia-builder-el-1  avia-builder-el-no-sibling  av-inherit-size'><h3 class='av-special-heading-tag'  itemprop=\"headline\"  >TREBALLA AMB NOSALTRES<\/h3><div class=\"special-heading-border\"><div class=\"special-heading-inner-border\"><\/div><\/div><\/div>\n\n<\/div><\/div><\/main><!-- close content main element --><\/div><\/div><\/div>\n<style type=\"text\/css\" data-created_by=\"avia_inline_auto\" id=\"style-css-av-m1p7d-d6bc1ffb16d5ed46a89c847471ab0001\">\n.avia-section.av-m1p7d-d6bc1ffb16d5ed46a89c847471ab0001{\nbackground-color:#ffffff;\nbackground-image:unset;\n}\n<\/style>\n<div id='av_section_2'  class='avia-section av-m1p7d-d6bc1ffb16d5ed46a89c847471ab0001 main_color avia-section-default avia-no-border-styling  avia-builder-el-2  el_after_av_section  avia-builder-el-last  avia-bg-style-scroll container_wrap fullsize'  ><div class='container av-section-cont-open' ><div class='template-page content  av-content-full alpha units'><div class='post-entry post-entry-type-page post-entry-1866'><div class='entry-content-wrapper clearfix'>\n<div class='flex_column av-eqcht-8f8720e01dde7a9172b8894f51fd78ca av_one_half  avia-builder-el-3  el_before_av_one_half  avia-builder-el-first  first flex_column_div '     ><p>\n<style type=\"text\/css\" data-created_by=\"avia_inline_auto\" id=\"style-css-av-lrj9tine-e071de2e8504ad85f2827e896435c10b\">\n#top .av-special-heading.av-lrj9tine-e071de2e8504ad85f2827e896435c10b{\npadding-bottom:10px;\ncolor:#000000;\nfont-size:50px;\n}\nbody .av-special-heading.av-lrj9tine-e071de2e8504ad85f2827e896435c10b .av-special-heading-tag .heading-char{\nfont-size:25px;\n}\n#top #wrap_all .av-special-heading.av-lrj9tine-e071de2e8504ad85f2827e896435c10b .av-special-heading-tag{\nfont-size:50px;\n}\n.av-special-heading.av-lrj9tine-e071de2e8504ad85f2827e896435c10b .special-heading-inner-border{\nborder-color:#000000;\n}\n.av-special-heading.av-lrj9tine-e071de2e8504ad85f2827e896435c10b .av-subheading{\nfont-size:15px;\n}\n\n@media only screen and (min-width: 480px) and (max-width: 767px){ \n#top #wrap_all .av-special-heading.av-lrj9tine-e071de2e8504ad85f2827e896435c10b .av-special-heading-tag{\nfont-size:0.8em;\n}\n}\n\n@media only screen and (max-width: 479px){ \n#top #wrap_all .av-special-heading.av-lrj9tine-e071de2e8504ad85f2827e896435c10b .av-special-heading-tag{\nfont-size:0.8em;\n}\n}\n<\/style>\n<div  class='av-special-heading av-lrj9tine-e071de2e8504ad85f2827e896435c10b av-special-heading-h2 custom-color-heading blockquote modern-quote  avia-builder-el-4  el_before_av_textblock  avia-builder-el-first  av-inherit-size'><h2 class='av-special-heading-tag'  itemprop=\"headline\"  > Vols treballar amb nosaltres?<\/h2><div class=\"special-heading-border\"><div class=\"special-heading-inner-border\"><\/div><\/div><\/div><br \/>\n\n<style type=\"text\/css\" data-created_by=\"avia_inline_auto\" id=\"style-css-av-lrj9ts1l-eff6e10d78eb7ace54c907dd8ecdc3b4\">\n#top .av_textblock_section.av-lrj9ts1l-eff6e10d78eb7ace54c907dd8ecdc3b4 .avia_textblock{\ncolor:#000000;\n}\n<\/style>\n<section  class='av_textblock_section av-lrj9ts1l-eff6e10d78eb7ace54c907dd8ecdc3b4'  itemscope=\"itemscope\" itemtype=\"https:\/\/schema.org\/CreativeWork\" ><div class='avia_textblock av_inherit_color'  itemprop=\"text\" ><p>Peri\u00f2dicament el Grup Ovella Negra necessita o coneix empreses que necessiten professionals per als seus locals.<\/p>\n<p>\u00c9s per aix\u00f2, si t\u2019agrada la idea de treballar en un dels nostres locals, tens l\u2019oportunitat de fer-nos arribar el teu curr\u00edculum al email <strong>comunicacio@ovellanegra.com<\/strong><\/p>\n<p>Nom\u00e9s es consideren els candidats que tinguin perm\u00eds de resid\u00e8ncia i treball a Espanya.<\/p>\n<p>Nom\u00e9s es contactar\u00e0 amb els candidats preseleccionats.<\/p>\n<\/div><\/section><\/p><\/div><div class='flex_column av-btslt-d5a7d43dc7789b416f83e47f4c62116f av_one_half  avia-builder-el-6  el_after_av_one_half  avia-builder-el-last  flex_column_div '     ><style type=\"text\/css\" data-created_by=\"avia_inline_auto\" id=\"style-css-av-lrj9vbkc-a9b0516a0679b9e136c62380620ad994\">\n.avia-image-container.av-lrj9vbkc-a9b0516a0679b9e136c62380620ad994 img.avia_image{\nbox-shadow:none;\n}\n.avia-image-container.av-lrj9vbkc-a9b0516a0679b9e136c62380620ad994 .av-image-caption-overlay-center{\ncolor:#ffffff;\n}\n<\/style>\n<div  class='avia-image-container av-lrj9vbkc-a9b0516a0679b9e136c62380620ad994 av-styling- avia-align-center  avia-builder-el-7  avia-builder-el-no-sibling '   itemprop=\"image\" itemscope=\"itemscope\" itemtype=\"https:\/\/schema.org\/ImageObject\" ><div class=\"avia-image-container-inner\"><div class=\"avia-image-overlay-wrap\"><img decoding=\"async\" class='wp-image-1774 avia-img-lazy-loading-not-1774 avia_image ' src=\"https:\/\/eldrapairebarcelona.com\/wp-content\/uploads\/2024\/04\/DSC01087-scaled.jpg\" alt='' title='DSC01087'  height=\"1707\" width=\"2560\"  itemprop=\"thumbnailUrl\" srcset=\"https:\/\/eldrapairebarcelona.com\/wp-content\/uploads\/2024\/04\/DSC01087-scaled.jpg 2560w, https:\/\/eldrapairebarcelona.com\/wp-content\/uploads\/2024\/04\/DSC01087-300x200.jpg 300w, https:\/\/eldrapairebarcelona.com\/wp-content\/uploads\/2024\/04\/DSC01087-1030x687.jpg 1030w, https:\/\/eldrapairebarcelona.com\/wp-content\/uploads\/2024\/04\/DSC01087-768x512.jpg 768w, https:\/\/eldrapairebarcelona.com\/wp-content\/uploads\/2024\/04\/DSC01087-1536x1024.jpg 1536w, https:\/\/eldrapairebarcelona.com\/wp-content\/uploads\/2024\/04\/DSC01087-2048x1365.jpg 2048w, https:\/\/eldrapairebarcelona.com\/wp-content\/uploads\/2024\/04\/DSC01087-1500x1000.jpg 1500w, https:\/\/eldrapairebarcelona.com\/wp-content\/uploads\/2024\/04\/DSC01087-705x470.jpg 705w\" sizes=\"(max-width: 2560px) 100vw, 2560px\" \/><\/div><\/div><\/div><\/div>\n","protected":false},"excerpt":{"rendered":"","protected":false},"author":1,"featured_media":0,"parent":0,"menu_order":0,"comment_status":"closed","ping_status":"closed","template":"","meta":{"footnotes":""},"class_list":["post-1866","page","type-page","status-publish","hentry"],"yoast_head":"<!-- This site is optimized with the Yoast SEO plugin v27.4 - https:\/\/yoast.com\/product\/yoast-seo-wordpress\/ -->\n<title>Traballa amb Nosaltres - El Drapaire<\/title>\n<meta name=\"robots\" content=\"index, follow, max-snippet:-1, max-image-preview:large, max-video-preview:-1\" \/>\n<link rel=\"canonical\" href=\"https:\/\/eldrapairebarcelona.com\/ca\/treballa-amb-nosaltres\/\" \/>\n<meta property=\"og:locale\" content=\"ca_ES\" \/>\n<meta property=\"og:type\" content=\"article\" \/>\n<meta property=\"og:title\" content=\"Traballa amb Nosaltres - El Drapaire\" \/>\n<meta property=\"og:url\" content=\"https:\/\/eldrapairebarcelona.com\/ca\/treballa-amb-nosaltres\/\" \/>\n<meta property=\"og:site_name\" content=\"El Drapaire\" \/>\n<meta property=\"article:modified_time\" content=\"2024-04-29T12:54:41+00:00\" \/>\n<meta name=\"twitter:card\" content=\"summary_large_image\" \/>\n<meta name=\"twitter:label1\" content=\"Temps estimat de lectura\" \/>\n\t<meta name=\"twitter:data1\" content=\"1 minut\" \/>\n<script type=\"application\/ld+json\" class=\"yoast-schema-graph\">{\"@context\":\"https:\\\/\\\/schema.org\",\"@graph\":[{\"@type\":\"WebPage\",\"@id\":\"https:\\\/\\\/eldrapairebarcelona.com\\\/ca\\\/treballa-amb-nosaltres\\\/\",\"url\":\"https:\\\/\\\/eldrapairebarcelona.com\\\/ca\\\/treballa-amb-nosaltres\\\/\",\"name\":\"Traballa amb Nosaltres - El Drapaire\",\"isPartOf\":{\"@id\":\"https:\\\/\\\/eldrapairebarcelona.com\\\/ca\\\/#website\"},\"datePublished\":\"2024-01-18T12:53:33+00:00\",\"dateModified\":\"2024-04-29T12:54:41+00:00\",\"breadcrumb\":{\"@id\":\"https:\\\/\\\/eldrapairebarcelona.com\\\/ca\\\/treballa-amb-nosaltres\\\/#breadcrumb\"},\"inLanguage\":\"ca\",\"potentialAction\":[{\"@type\":\"ReadAction\",\"target\":[\"https:\\\/\\\/eldrapairebarcelona.com\\\/ca\\\/treballa-amb-nosaltres\\\/\"]}]},{\"@type\":\"BreadcrumbList\",\"@id\":\"https:\\\/\\\/eldrapairebarcelona.com\\\/ca\\\/treballa-amb-nosaltres\\\/#breadcrumb\",\"itemListElement\":[{\"@type\":\"ListItem\",\"position\":1,\"name\":\"Portada\",\"item\":\"https:\\\/\\\/eldrapairebarcelona.com\\\/ca\\\/inici\\\/\"},{\"@type\":\"ListItem\",\"position\":2,\"name\":\"Traballa amb Nosaltres\"}]},{\"@type\":\"WebSite\",\"@id\":\"https:\\\/\\\/eldrapairebarcelona.com\\\/ca\\\/#website\",\"url\":\"https:\\\/\\\/eldrapairebarcelona.com\\\/ca\\\/\",\"name\":\"El Drapaire\",\"description\":\"\",\"potentialAction\":[{\"@type\":\"SearchAction\",\"target\":{\"@type\":\"EntryPoint\",\"urlTemplate\":\"https:\\\/\\\/eldrapairebarcelona.com\\\/ca\\\/?s={search_term_string}\"},\"query-input\":{\"@type\":\"PropertyValueSpecification\",\"valueRequired\":true,\"valueName\":\"search_term_string\"}}],\"inLanguage\":\"ca\"}]}<\/script>\n<!-- \/ Yoast SEO plugin. -->","yoast_head_json":{"title":"Traballa amb Nosaltres - El Drapaire","robots":{"index":"index","follow":"follow","max-snippet":"max-snippet:-1","max-image-preview":"max-image-preview:large","max-video-preview":"max-video-preview:-1"},"canonical":"https:\/\/eldrapairebarcelona.com\/ca\/treballa-amb-nosaltres\/","og_locale":"ca_ES","og_type":"article","og_title":"Traballa amb Nosaltres - El Drapaire","og_url":"https:\/\/eldrapairebarcelona.com\/ca\/treballa-amb-nosaltres\/","og_site_name":"El Drapaire","article_modified_time":"2024-04-29T12:54:41+00:00","twitter_card":"summary_large_image","twitter_misc":{"Temps estimat de lectura":"1 minut"},"schema":{"@context":"https:\/\/schema.org","@graph":[{"@type":"WebPage","@id":"https:\/\/eldrapairebarcelona.com\/ca\/treballa-amb-nosaltres\/","url":"https:\/\/eldrapairebarcelona.com\/ca\/treballa-amb-nosaltres\/","name":"Traballa amb Nosaltres - El Drapaire","isPartOf":{"@id":"https:\/\/eldrapairebarcelona.com\/ca\/#website"},"datePublished":"2024-01-18T12:53:33+00:00","dateModified":"2024-04-29T12:54:41+00:00","breadcrumb":{"@id":"https:\/\/eldrapairebarcelona.com\/ca\/treballa-amb-nosaltres\/#breadcrumb"},"inLanguage":"ca","potentialAction":[{"@type":"ReadAction","target":["https:\/\/eldrapairebarcelona.com\/ca\/treballa-amb-nosaltres\/"]}]},{"@type":"BreadcrumbList","@id":"https:\/\/eldrapairebarcelona.com\/ca\/treballa-amb-nosaltres\/#breadcrumb","itemListElement":[{"@type":"ListItem","position":1,"name":"Portada","item":"https:\/\/eldrapairebarcelona.com\/ca\/inici\/"},{"@type":"ListItem","position":2,"name":"Traballa amb Nosaltres"}]},{"@type":"WebSite","@id":"https:\/\/eldrapairebarcelona.com\/ca\/#website","url":"https:\/\/eldrapairebarcelona.com\/ca\/","name":"El Drapaire","description":"","potentialAction":[{"@type":"SearchAction","target":{"@type":"EntryPoint","urlTemplate":"https:\/\/eldrapairebarcelona.com\/ca\/?s={search_term_string}"},"query-input":{"@type":"PropertyValueSpecification","valueRequired":true,"valueName":"search_term_string"}}],"inLanguage":"ca"}]}},"_links":{"self":[{"href":"https:\/\/eldrapairebarcelona.com\/ca\/wp-json\/wp\/v2\/pages\/1866","targetHints":{"allow":["GET"]}}],"collection":[{"href":"https:\/\/eldrapairebarcelona.com\/ca\/wp-json\/wp\/v2\/pages"}],"about":[{"href":"https:\/\/eldrapairebarcelona.com\/ca\/wp-json\/wp\/v2\/types\/page"}],"author":[{"embeddable":true,"href":"https:\/\/eldrapairebarcelona.com\/ca\/wp-json\/wp\/v2\/users\/1"}],"replies":[{"embeddable":true,"href":"https:\/\/eldrapairebarcelona.com\/ca\/wp-json\/wp\/v2\/comments?post=1866"}],"version-history":[{"count":4,"href":"https:\/\/eldrapairebarcelona.com\/ca\/wp-json\/wp\/v2\/pages\/1866\/revisions"}],"predecessor-version":[{"id":1986,"href":"https:\/\/eldrapairebarcelona.com\/ca\/wp-json\/wp\/v2\/pages\/1866\/revisions\/1986"}],"wp:attachment":[{"href":"https:\/\/eldrapairebarcelona.com\/ca\/wp-json\/wp\/v2\/media?parent=1866"}],"curies":[{"name":"wp","href":"https:\/\/api.w.org\/{rel}","templated":true}]}}